{"id":163,"date":"2024-04-22T23:44:17","date_gmt":"2024-04-22T23:44:17","guid":{"rendered":"https:\/\/daurum.pt\/?page_id=163"},"modified":"2024-11-08T03:48:47","modified_gmt":"2024-11-08T03:48:47","slug":"terms-and-conditions","status":"publish","type":"page","link":"https:\/\/daurum.pt\/fr\/terms-and-conditions\/","title":{"rendered":"Conditions G\u00e9n\u00e9rales"},"content":{"rendered":"<p>RESOLU\u00c7\u00c3O DE CONFLITOS ONLINE<br \/>\nEm caso de lit\u00edgio de consumo, o consumidor pode recorrer \u00e0 Plataforma Europeia de Resolu\u00e7\u00e3o de Lit\u00edgios em Linha, dispon\u00edvel em<\/p>\n<div class=\"js-react-root\"><span class=\"loader-wrapper\"><span aria-expanded=\"false\" aria-haspopup=\"true\" data-testid=\"hover-card-trigger-wrapper\"><a class=\"css-118vsk3\" tabindex=\"0\" role=\"button\" href=\"http:\/\/ec.europa.eu\/consumers\/odr\" data-testid=\"inline-card-resolved-view\"><span class=\"css-14tyax2\" data-testid=\"inline-card-icon-and-title\"><span class=\"css-1yitqmp\"><img decoding=\"async\" class=\"smart-link-icon css-fy7h5c\" src=\"https:\/\/ec.europa.eu\/favicon.ico\" data-testid=\"inline-card-icon-and-title-image\" \/><\/span><span class=\"smart-link-title-wrapper css-0\">Online Dispute Resolution | European Commission<\/span><\/span><\/a><\/span><\/span><\/div>\n<p>ou \u00e0s seguintes entidades de resolu\u00e7\u00e3o alternativa de lit\u00edgios de consumo:<\/p>\n<p>CNIACC &#8211; Centro Nacional de Informa\u00e7\u00e3o e Arbitragem de Conflitos de Consumo<\/p>\n<p>Rua D. Afonso Henriques, 1 4700-030 Braga<\/p>\n<p>253619107<\/p>\n<p><a href=\"mailto:geral@cniacc.pt\">geral@cniacc.pt<\/a><\/p>\n<div class=\"js-react-root\"><span class=\"loader-wrapper\"><span aria-expanded=\"false\" aria-haspopup=\"true\" data-testid=\"hover-card-trigger-wrapper\"><a class=\"css-118vsk3\" tabindex=\"0\" role=\"button\" href=\"https:\/\/www.cniacc.pt\/pt\" data-testid=\"inline-card-resolved-view\"><span class=\"css-14tyax2\" data-testid=\"inline-card-icon-and-title\"><span class=\"smart-link-title-wrapper css-0\">CNIACC &#8211; Centro Nacional de Informa\u00e7\u00e3o e Arbitragem de Conflitos de Consumo<\/span><\/span><\/a><\/span><\/span><\/div>\n<h1>Company Info<\/h1>\n<p>The privacy policy below identifies the information collected, ways of collecting and processing it.<\/p>\n<p>When using this website, you must be aware of and accept this privacy policy.<\/p>\n<p><strong>Owner and Data Controller<\/strong><br \/>\nCompany name: Douro em Tr\u00e2nsito Viagens e Turismo Lda<\/p>\n<p>Company Trade Brands: Daurum Solar Boats; Daurum Travel<br \/>\nTax Number: 516205080<br \/>\nAddress: Rua General Alves Pedrosa 40 1\u00ba andar<br \/>\nPostal code: 5070-051 Alij\u00f3<br \/>\nE-mail:\u00a0<a href=\"mailto:geral@daurum.pt\">geral@daurum.pt<\/a><br \/>\nPhone\u00a0<a href=\"tel:  351928102388\">+351 928 102 388\u00a0<\/a>(National mobile network call)<\/p>\n<h1>Conditions G\u00e9n\u00e9rales<\/h1>\n<p>These terms and conditions outline the rules and regulations for the use of our eco-friendly solar-powered boat tour services. You agree to abide by these terms and conditions when accessing or using our services. Please read them carefully before booking a tour.<\/p>\n<h2>1.\u00a0 Booking and Reservations<\/h2>\n<p>Booking and reservations with Daurum Solar Boats are subject to availability, ensuring a seamless experience for our guests. Your booking is officially confirmed upon receipt of payment and confirmation from our team.<\/p>\n<p>We understand that plans may change, so booking modifications, such as date changes or additions, are accommodated based on availability and may incur additional fees. In the event of cancellations, we kindly request that customers notify us at least 48 hours prior to the scheduled tour to receive a full refund. Cancellations made within 48 hours of the tour may result in a penalty of the booking fee.<\/p>\n<h2>2.\u00a0 Tour Guidelines and Safety<\/h2>\n<p>During the tour with Daurum Solar Boats, members are required to adhere to all safety instructions provided by our staff. Children must be accompanied by adults throughout the duration of the tour. Additionally, all participants must wear life jackets and other provided safety equipment for their safety if requested by the crew members.<\/p>\n<p>While consumption of alcohol is permitted onboard in moderation, intoxicated individuals may be refused boarding or removed from the tour to ensure the safety of all passengers. We prioritize the well-being of our guests and appreciate your cooperation in maintaining a safe and enjoyable experience aboard our solar-powered boats.<\/p>\n<h2>3.\u00a0 Responsibility and Liability<\/h2>\n<p>Participants acknowledge and assume all risks inherent in boating activities with Daurum Solar Boats, releasing us from any liability for personal injury, property damage, or loss during the tour. We advise participants to safeguard their personal belongings as Daurum Solar Boats holds no responsibility for any loss or damage to items brought onboard.<\/p>\n<p>Additionally, tours may be altered or canceled due to adverse weather conditions or unforeseen events prioritizing participant safety. We reserve the right to make necessary decisions concerning tour modifications in such instances.<\/p>\n<h2>4.\u00a0 Pricing and Payment<\/h2>\n<p>For pricing, our tour and additional service rates are conveniently available on the website, though they are subject to change without prior notification. Payment for our tours and services can be seamlessly processed online through credit card transactions or other accepted payment methods.<\/p>\n<p><strong>Note:<\/strong> The prices listed for our tours do not encompass any applicable taxes and fees, which may be included during the booking process. We strive to maintain transparency in our pricing structure to ensure a hassle-free experience for our valued customers.<\/p>\n<h2>5.\u00a0 Privacy Policy<\/h2>\n<p>We prioritize the protection of your personal information. We may collect data from customers to facilitate booking and enhance service provision, ensuring a seamless experience. Rest assured, all collected information is handled in strict compliance with our privacy policy, safeguarding your confidentiality and security.<\/p>\n<p>By booking a tour with us, you grant consent to receive marketing communications, enabling us to share updates and special offers. However, you retain the option to opt out of these communications at any time, ensuring control over your preferences. Your privacy matters to us, and we are committed to upholding the highest data protection standards.<\/p>\n<h2>6.\u00a0 General Provisions<\/h2>\n<p>We reserve the right to amend these terms and conditions at any time without prior notice, with changes taking effect immediately upon posting on our website. The laws of Portugal govern these terms and conditions, and any disputes arising from or relating to them will be subject to the exclusive jurisdiction of the courts of Portugal.<\/p>\n<p>We encourage users to review these terms regularly to stay informed of any updates or modifications. Your continued use of our services after any changes indicates your acceptance of the revised terms and conditions.<\/p>\n<p>Thank you for choosing Daurum Solar Boats for your river tour. We look forward to welcoming you onboard!<\/p>","protected":false},"excerpt":{"rendered":"<p>RESOLU\u00c7\u00c3O DE CONFLITOS ONLINE Em caso de lit\u00edgio de consumo, o consumidor pode recorrer \u00e0 Plataforma Europeia de Resolu\u00e7\u00e3o de Lit\u00edgios em Linha, dispon\u00edvel em Online Dispute Resolution | European Commission ou \u00e0s seguintes entidades de resolu\u00e7\u00e3o alternativa de lit\u00edgios de consumo: CNIACC &#8211; Centro Nacional de Informa\u00e7\u00e3o e Arbitragem de Conflitos de Consumo Rua [&hellip;]<\/p>","protected":false},"author":1,"featured_media":0,"parent":0,"menu_order":0,"comment_status":"closed","ping_status":"closed","template":"","meta":{"_acf_changed":false,"footnotes":""},"class_list":["post-163","page","type-page","status-publish","hentry"],"acf":[],"yoast_head":"<!-- This site is optimized with the Yoast SEO Premium plugin v25.7.1 (Yoast SEO v25.7) - https:\/\/yoast.com\/wordpress\/plugins\/seo\/ -->\n<title>Explore Our Terms and Conditions at Daurum Solar Boats<\/title>\n<meta name=\"description\" content=\"Read the terms and conditions for Daurum Solar Boats&#039; services and know your rights and obligations when booking our solar boat tours and services. Contact us!\" \/>\n<meta name=\"robots\" content=\"index, follow, max-snippet:-1, max-image-preview:large, max-video-preview:-1\" \/>\n<link rel=\"canonical\" href=\"https:\/\/daurum.pt\/fr\/terms-and-conditions\/\" \/>\n<meta property=\"og:locale\" content=\"fr_FR\" \/>\n<meta property=\"og:type\" content=\"article\" \/>\n<meta property=\"og:title\" content=\"Terms and Conditions\" \/>\n<meta property=\"og:description\" content=\"Read the terms and conditions for Daurum Solar Boats&#039; services and know your rights and obligations when booking our solar boat tours and services. Contact us!\" \/>\n<meta property=\"og:url\" content=\"https:\/\/daurum.pt\/fr\/terms-and-conditions\/\" \/>\n<meta property=\"og:site_name\" content=\"Daurum Solar Boats\" \/>\n<meta property=\"article:publisher\" content=\"https:\/\/www.facebook.com\/daurumsolarboats\/\" \/>\n<meta property=\"article:modified_time\" content=\"2024-11-08T03:48:47+00:00\" \/>\n<meta property=\"og:image\" content=\"https:\/\/ec.europa.eu\/favicon.ico\" \/>\n<meta name=\"twitter:card\" content=\"summary_large_image\" \/>\n<meta name=\"twitter:label1\" content=\"Dur\u00e9e de lecture estim\u00e9e\" \/>\n\t<meta name=\"twitter:data1\" content=\"4 minutes\" \/>\n<script type=\"application\/ld+json\" class=\"yoast-schema-graph\">{\"@context\":\"https:\/\/schema.org\",\"@graph\":[{\"@type\":\"WebPage\",\"@id\":\"https:\/\/daurum.pt\/terms-and-conditions\/\",\"url\":\"https:\/\/daurum.pt\/terms-and-conditions\/\",\"name\":\"Explore Our Terms and Conditions at Daurum Solar Boats\",\"isPartOf\":{\"@id\":\"https:\/\/daurum.pt\/#website\"},\"primaryImageOfPage\":{\"@id\":\"https:\/\/daurum.pt\/terms-and-conditions\/#primaryimage\"},\"image\":{\"@id\":\"https:\/\/daurum.pt\/terms-and-conditions\/#primaryimage\"},\"thumbnailUrl\":\"https:\/\/ec.europa.eu\/favicon.ico\",\"datePublished\":\"2024-04-22T23:44:17+00:00\",\"dateModified\":\"2024-11-08T03:48:47+00:00\",\"description\":\"Read the terms and conditions for Daurum Solar Boats' services and know your rights and obligations when booking our solar boat tours and services. Contact us!\",\"breadcrumb\":{\"@id\":\"https:\/\/daurum.pt\/terms-and-conditions\/#breadcrumb\"},\"inLanguage\":\"fr-FR\",\"potentialAction\":[{\"@type\":\"ReadAction\",\"target\":[\"https:\/\/daurum.pt\/terms-and-conditions\/\"]}]},{\"@type\":\"ImageObject\",\"inLanguage\":\"fr-FR\",\"@id\":\"https:\/\/daurum.pt\/terms-and-conditions\/#primaryimage\",\"url\":\"https:\/\/ec.europa.eu\/favicon.ico\",\"contentUrl\":\"https:\/\/ec.europa.eu\/favicon.ico\"},{\"@type\":\"BreadcrumbList\",\"@id\":\"https:\/\/daurum.pt\/terms-and-conditions\/#breadcrumb\",\"itemListElement\":[{\"@type\":\"ListItem\",\"position\":1,\"name\":\"Home\",\"item\":\"https:\/\/daurum.pt\/\"},{\"@type\":\"ListItem\",\"position\":2,\"name\":\"Terms and Conditions\"}]},{\"@type\":\"WebSite\",\"@id\":\"https:\/\/daurum.pt\/#website\",\"url\":\"https:\/\/daurum.pt\/\",\"name\":\"Daurum Solar Boats\",\"description\":\"Eco Boat Trips Douro Valley\",\"publisher\":{\"@id\":\"https:\/\/daurum.pt\/#organization\"},\"potentialAction\":[{\"@type\":\"SearchAction\",\"target\":{\"@type\":\"EntryPoint\",\"urlTemplate\":\"https:\/\/daurum.pt\/?s={search_term_string}\"},\"query-input\":{\"@type\":\"PropertyValueSpecification\",\"valueRequired\":true,\"valueName\":\"search_term_string\"}}],\"inLanguage\":\"fr-FR\"},{\"@type\":[\"Organization\",\"Place\"],\"@id\":\"https:\/\/daurum.pt\/#organization\",\"name\":\"Daurum Solar Boats\",\"alternateName\":\"Douro em Tr\u00e2nsito Viagens & Turismo Lda\",\"url\":\"https:\/\/daurum.pt\/\",\"logo\":{\"@id\":\"https:\/\/daurum.pt\/terms-and-conditions\/#local-main-organization-logo\"},\"image\":{\"@id\":\"https:\/\/daurum.pt\/terms-and-conditions\/#local-main-organization-logo\"},\"sameAs\":[\"https:\/\/www.facebook.com\/daurumsolarboats\/\",\"https:\/\/bsky.app\/profile\/daurumsolarboats.bsky.social\",\"https:\/\/www.instagram.com\/daurumsolarboats\/\"],\"publishingPrinciples\":\"https:\/\/daurum.pt\/about-us\/\",\"ownershipFundingInfo\":\"https:\/\/daurum.pt\/privacy-policy\/\",\"actionableFeedbackPolicy\":\"https:\/\/daurum.pt\/privacy-policy\/\",\"address\":{\"@id\":\"https:\/\/daurum.pt\/terms-and-conditions\/#local-main-place-address\"},\"geo\":{\"@type\":\"GeoCoordinates\",\"latitude\":\"411127.8\",\"longitude\":\"73254.9\"},\"telephone\":[\"+351928102388\",\"+351259959039\"],\"openingHoursSpecification\":[{\"@type\":\"OpeningHoursSpecification\",\"dayOfWeek\":[\"Monday\",\"Tuesday\",\"Wednesday\",\"Thursday\",\"Friday\",\"Sunday\"],\"opens\":\"09:00\",\"closes\":\"18:30\"},{\"@type\":\"OpeningHoursSpecification\",\"dayOfWeek\":[\"Saturday\"],\"opens\":\"09:00\",\"closes\":\"17:00\"}],\"email\":\"solarboats@daurum.pt\",\"vatID\":\"PT516205080\",\"taxID\":\"PT516205080\"},{\"@type\":\"PostalAddress\",\"@id\":\"https:\/\/daurum.pt\/terms-and-conditions\/#local-main-place-address\",\"streetAddress\":\"R. da Praia, 5085-042 Pinh\u00e3o\",\"addressLocality\":\"Pinh\u00e3o\",\"postalCode\":\"5085-042\",\"addressRegion\":\"Alij\u00f3\",\"addressCountry\":\"PT\"},{\"@type\":\"ImageObject\",\"inLanguage\":\"fr-FR\",\"@id\":\"https:\/\/daurum.pt\/terms-and-conditions\/#local-main-organization-logo\",\"url\":\"https:\/\/daurum.pt\/wp-content\/uploads\/2024\/04\/image-1-e1714159667584.png\",\"contentUrl\":\"https:\/\/daurum.pt\/wp-content\/uploads\/2024\/04\/image-1-e1714159667584.png\",\"width\":372,\"height\":107,\"caption\":\"Daurum Solar Boats\"}]}<\/script>\n<meta name=\"geo.placename\" content=\"Pinh\u00e3o\" \/>\n<meta name=\"geo.position\" content=\"411127.8;73254.9\" \/>\n<meta name=\"geo.region\" content=\"Portugal\" \/>\n<!-- \/ Yoast SEO Premium plugin. -->","yoast_head_json":{"title":"Explore Our Terms and Conditions at Daurum Solar Boats","description":"Read the terms and conditions for Daurum Solar Boats' services and know your rights and obligations when booking our solar boat tours and services. Contact us!","robots":{"index":"index","follow":"follow","max-snippet":"max-snippet:-1","max-image-preview":"max-image-preview:large","max-video-preview":"max-video-preview:-1"},"canonical":"https:\/\/daurum.pt\/fr\/terms-and-conditions\/","og_locale":"fr_FR","og_type":"article","og_title":"Terms and Conditions","og_description":"Read the terms and conditions for Daurum Solar Boats' services and know your rights and obligations when booking our solar boat tours and services. Contact us!","og_url":"https:\/\/daurum.pt\/fr\/terms-and-conditions\/","og_site_name":"Daurum Solar Boats","article_publisher":"https:\/\/www.facebook.com\/daurumsolarboats\/","article_modified_time":"2024-11-08T03:48:47+00:00","og_image":[{"url":"https:\/\/ec.europa.eu\/favicon.ico","type":"","width":"","height":""}],"twitter_card":"summary_large_image","twitter_misc":{"Dur\u00e9e de lecture estim\u00e9e":"4 minutes"},"schema":{"@context":"https:\/\/schema.org","@graph":[{"@type":"WebPage","@id":"https:\/\/daurum.pt\/terms-and-conditions\/","url":"https:\/\/daurum.pt\/terms-and-conditions\/","name":"Explore Our Terms and Conditions at Daurum Solar Boats","isPartOf":{"@id":"https:\/\/daurum.pt\/#website"},"primaryImageOfPage":{"@id":"https:\/\/daurum.pt\/terms-and-conditions\/#primaryimage"},"image":{"@id":"https:\/\/daurum.pt\/terms-and-conditions\/#primaryimage"},"thumbnailUrl":"https:\/\/ec.europa.eu\/favicon.ico","datePublished":"2024-04-22T23:44:17+00:00","dateModified":"2024-11-08T03:48:47+00:00","description":"Read the terms and conditions for Daurum Solar Boats' services and know your rights and obligations when booking our solar boat tours and services. Contact us!","breadcrumb":{"@id":"https:\/\/daurum.pt\/terms-and-conditions\/#breadcrumb"},"inLanguage":"fr-FR","potentialAction":[{"@type":"ReadAction","target":["https:\/\/daurum.pt\/terms-and-conditions\/"]}]},{"@type":"ImageObject","inLanguage":"fr-FR","@id":"https:\/\/daurum.pt\/terms-and-conditions\/#primaryimage","url":"https:\/\/ec.europa.eu\/favicon.ico","contentUrl":"https:\/\/ec.europa.eu\/favicon.ico"},{"@type":"BreadcrumbList","@id":"https:\/\/daurum.pt\/terms-and-conditions\/#breadcrumb","itemListElement":[{"@type":"ListItem","position":1,"name":"Home","item":"https:\/\/daurum.pt\/"},{"@type":"ListItem","position":2,"name":"Terms and Conditions"}]},{"@type":"WebSite","@id":"https:\/\/daurum.pt\/#website","url":"https:\/\/daurum.pt\/","name":"Daurum Solar Boats","description":"Eco Boat Trips Douro Valley","publisher":{"@id":"https:\/\/daurum.pt\/#organization"},"potentialAction":[{"@type":"SearchAction","target":{"@type":"EntryPoint","urlTemplate":"https:\/\/daurum.pt\/?s={search_term_string}"},"query-input":{"@type":"PropertyValueSpecification","valueRequired":true,"valueName":"search_term_string"}}],"inLanguage":"fr-FR"},{"@type":["Organization","Place"],"@id":"https:\/\/daurum.pt\/#organization","name":"Daurum Solar Boats","alternateName":"Douro em Tr\u00e2nsito Viagens & Turismo Lda","url":"https:\/\/daurum.pt\/","logo":{"@id":"https:\/\/daurum.pt\/terms-and-conditions\/#local-main-organization-logo"},"image":{"@id":"https:\/\/daurum.pt\/terms-and-conditions\/#local-main-organization-logo"},"sameAs":["https:\/\/www.facebook.com\/daurumsolarboats\/","https:\/\/bsky.app\/profile\/daurumsolarboats.bsky.social","https:\/\/www.instagram.com\/daurumsolarboats\/"],"publishingPrinciples":"https:\/\/daurum.pt\/about-us\/","ownershipFundingInfo":"https:\/\/daurum.pt\/privacy-policy\/","actionableFeedbackPolicy":"https:\/\/daurum.pt\/privacy-policy\/","address":{"@id":"https:\/\/daurum.pt\/terms-and-conditions\/#local-main-place-address"},"geo":{"@type":"GeoCoordinates","latitude":"411127.8","longitude":"73254.9"},"telephone":["+351928102388","+351259959039"],"openingHoursSpecification":[{"@type":"OpeningHoursSpecification","dayOfWeek":["Monday","Tuesday","Wednesday","Thursday","Friday","Sunday"],"opens":"09:00","closes":"18:30"},{"@type":"OpeningHoursSpecification","dayOfWeek":["Saturday"],"opens":"09:00","closes":"17:00"}],"email":"solarboats@daurum.pt","vatID":"PT516205080","taxID":"PT516205080"},{"@type":"PostalAddress","@id":"https:\/\/daurum.pt\/terms-and-conditions\/#local-main-place-address","streetAddress":"R. da Praia, 5085-042 Pinh\u00e3o","addressLocality":"Pinh\u00e3o","postalCode":"5085-042","addressRegion":"Alij\u00f3","addressCountry":"PT"},{"@type":"ImageObject","inLanguage":"fr-FR","@id":"https:\/\/daurum.pt\/terms-and-conditions\/#local-main-organization-logo","url":"https:\/\/daurum.pt\/wp-content\/uploads\/2024\/04\/image-1-e1714159667584.png","contentUrl":"https:\/\/daurum.pt\/wp-content\/uploads\/2024\/04\/image-1-e1714159667584.png","width":372,"height":107,"caption":"Daurum Solar Boats"}]},"geo.placename":"Pinh\u00e3o","geo.position":{"lat":"411127.8","long":"73254.9"},"geo.region":"Portugal"},"post_mailing_queue_ids":[],"_links":{"self":[{"href":"https:\/\/daurum.pt\/fr\/wp-json\/wp\/v2\/pages\/163","targetHints":{"allow":["GET"]}}],"collection":[{"href":"https:\/\/daurum.pt\/fr\/wp-json\/wp\/v2\/pages"}],"about":[{"href":"https:\/\/daurum.pt\/fr\/wp-json\/wp\/v2\/types\/page"}],"author":[{"embeddable":true,"href":"https:\/\/daurum.pt\/fr\/wp-json\/wp\/v2\/users\/1"}],"replies":[{"embeddable":true,"href":"https:\/\/daurum.pt\/fr\/wp-json\/wp\/v2\/comments?post=163"}],"version-history":[{"count":0,"href":"https:\/\/daurum.pt\/fr\/wp-json\/wp\/v2\/pages\/163\/revisions"}],"wp:attachment":[{"href":"https:\/\/daurum.pt\/fr\/wp-json\/wp\/v2\/media?parent=163"}],"curies":[{"name":"wp","href":"https:\/\/api.w.org\/{rel}","templated":true}]}}