{"id":85,"date":"2024-04-01T18:57:46","date_gmt":"2024-04-01T18:57:46","guid":{"rendered":"https:\/\/daurum.pt\/?page_id=85"},"modified":"2025-11-11T02:44:36","modified_gmt":"2025-11-11T02:44:36","slug":"about-us","status":"publish","type":"page","link":"https:\/\/daurum.pt\/es\/about-us\/","title":{"rendered":"Sobre nosotros"},"content":{"rendered":"","protected":false},"excerpt":{"rendered":"","protected":false},"author":1,"featured_media":0,"parent":0,"menu_order":0,"comment_status":"closed","ping_status":"closed","template":"page-template\/About.php","meta":{"_acf_changed":false,"footnotes":""},"class_list":["post-85","page","type-page","status-publish","hentry"],"acf":[],"yoast_head":"<!-- This site is optimized with the Yoast SEO Premium plugin v25.7.1 (Yoast SEO v25.7) - https:\/\/yoast.com\/wordpress\/plugins\/seo\/ -->\n<title>Learn about Douro Valley Wine Tours &amp; River Day Trips<\/title>\n<meta name=\"description\" content=\"Explore Portugal&#039;s Douro Valley with Daurum Solar Boats. Enjoy our wine tastings, UNESCO tours, Pinh\u00e3o boat rentals, and unforgettable Douro River day trips.\" \/>\n<meta name=\"robots\" content=\"index, follow, max-snippet:-1, max-image-preview:large, max-video-preview:-1\" \/>\n<link rel=\"canonical\" href=\"https:\/\/daurum.pt\/es\/about-us\/\" \/>\n<meta property=\"og:locale\" content=\"es_ES\" \/>\n<meta property=\"og:type\" content=\"article\" \/>\n<meta property=\"og:title\" content=\"About Us\" \/>\n<meta property=\"og:description\" content=\"Explore Portugal&#039;s Douro Valley with Daurum Solar Boats. Enjoy our wine tastings, UNESCO tours, Pinh\u00e3o boat rentals, and unforgettable Douro River day trips.\" \/>\n<meta property=\"og:url\" content=\"https:\/\/daurum.pt\/es\/about-us\/\" \/>\n<meta property=\"og:site_name\" content=\"Daurum Solar Boats\" \/>\n<meta property=\"article:publisher\" content=\"https:\/\/www.facebook.com\/daurumsolarboats\/\" \/>\n<meta property=\"article:modified_time\" content=\"2025-11-11T02:44:36+00:00\" \/>\n<meta name=\"twitter:card\" content=\"summary_large_image\" \/>\n<script type=\"application\/ld+json\" class=\"yoast-schema-graph\">{\"@context\":\"https:\/\/schema.org\",\"@graph\":[{\"@type\":\"WebPage\",\"@id\":\"https:\/\/daurum.pt\/about-us\/\",\"url\":\"https:\/\/daurum.pt\/about-us\/\",\"name\":\"Learn about Douro Valley Wine Tours & River Day Trips\",\"isPartOf\":{\"@id\":\"https:\/\/daurum.pt\/#website\"},\"datePublished\":\"2024-04-01T18:57:46+00:00\",\"dateModified\":\"2025-11-11T02:44:36+00:00\",\"description\":\"Explore Portugal's Douro Valley with Daurum Solar Boats. Enjoy our wine tastings, UNESCO tours, Pinh\u00e3o boat rentals, and unforgettable Douro River day trips.\",\"breadcrumb\":{\"@id\":\"https:\/\/daurum.pt\/about-us\/#breadcrumb\"},\"inLanguage\":\"es\",\"potentialAction\":[{\"@type\":\"ReadAction\",\"target\":[\"https:\/\/daurum.pt\/about-us\/\"]}]},{\"@type\":\"BreadcrumbList\",\"@id\":\"https:\/\/daurum.pt\/about-us\/#breadcrumb\",\"itemListElement\":[{\"@type\":\"ListItem\",\"position\":1,\"name\":\"Home\",\"item\":\"https:\/\/daurum.pt\/\"},{\"@type\":\"ListItem\",\"position\":2,\"name\":\"About Us\"}]},{\"@type\":\"WebSite\",\"@id\":\"https:\/\/daurum.pt\/#website\",\"url\":\"https:\/\/daurum.pt\/\",\"name\":\"Daurum Solar Boats\",\"description\":\"Eco Boat Trips Douro Valley\",\"publisher\":{\"@id\":\"https:\/\/daurum.pt\/#organization\"},\"potentialAction\":[{\"@type\":\"SearchAction\",\"target\":{\"@type\":\"EntryPoint\",\"urlTemplate\":\"https:\/\/daurum.pt\/?s={search_term_string}\"},\"query-input\":{\"@type\":\"PropertyValueSpecification\",\"valueRequired\":true,\"valueName\":\"search_term_string\"}}],\"inLanguage\":\"es\"},{\"@type\":[\"Organization\",\"Place\"],\"@id\":\"https:\/\/daurum.pt\/#organization\",\"name\":\"Daurum Solar Boats\",\"alternateName\":\"Douro em Tr\u00e2nsito Viagens & Turismo Lda\",\"url\":\"https:\/\/daurum.pt\/\",\"logo\":{\"@id\":\"https:\/\/daurum.pt\/about-us\/#local-main-organization-logo\"},\"image\":{\"@id\":\"https:\/\/daurum.pt\/about-us\/#local-main-organization-logo\"},\"sameAs\":[\"https:\/\/www.facebook.com\/daurumsolarboats\/\",\"https:\/\/bsky.app\/profile\/daurumsolarboats.bsky.social\",\"https:\/\/www.instagram.com\/daurumsolarboats\/\"],\"publishingPrinciples\":\"https:\/\/daurum.pt\/about-us\/\",\"ownershipFundingInfo\":\"https:\/\/daurum.pt\/privacy-policy\/\",\"actionableFeedbackPolicy\":\"https:\/\/daurum.pt\/privacy-policy\/\",\"address\":{\"@id\":\"https:\/\/daurum.pt\/about-us\/#local-main-place-address\"},\"geo\":{\"@type\":\"GeoCoordinates\",\"latitude\":\"411127.8\",\"longitude\":\"73254.9\"},\"telephone\":[\"+351928102388\",\"+351259959039\"],\"openingHoursSpecification\":[{\"@type\":\"OpeningHoursSpecification\",\"dayOfWeek\":[\"Monday\",\"Tuesday\",\"Wednesday\",\"Thursday\",\"Friday\",\"Sunday\"],\"opens\":\"09:00\",\"closes\":\"18:30\"},{\"@type\":\"OpeningHoursSpecification\",\"dayOfWeek\":[\"Saturday\"],\"opens\":\"09:00\",\"closes\":\"17:00\"}],\"email\":\"solarboats@daurum.pt\",\"vatID\":\"PT516205080\",\"taxID\":\"PT516205080\"},{\"@type\":\"PostalAddress\",\"@id\":\"https:\/\/daurum.pt\/about-us\/#local-main-place-address\",\"streetAddress\":\"R. da Praia, 5085-042 Pinh\u00e3o\",\"addressLocality\":\"Pinh\u00e3o\",\"postalCode\":\"5085-042\",\"addressRegion\":\"Alij\u00f3\",\"addressCountry\":\"PT\"},{\"@type\":\"ImageObject\",\"inLanguage\":\"es\",\"@id\":\"https:\/\/daurum.pt\/about-us\/#local-main-organization-logo\",\"url\":\"https:\/\/daurum.pt\/wp-content\/uploads\/2024\/04\/image-1-e1714159667584.png\",\"contentUrl\":\"https:\/\/daurum.pt\/wp-content\/uploads\/2024\/04\/image-1-e1714159667584.png\",\"width\":372,\"height\":107,\"caption\":\"Daurum Solar Boats\"}]}<\/script>\n<meta name=\"geo.placename\" content=\"Pinh\u00e3o\" \/>\n<meta name=\"geo.position\" content=\"411127.8;73254.9\" \/>\n<meta name=\"geo.region\" content=\"Portugal\" \/>\n<!-- \/ Yoast SEO Premium plugin. -->","yoast_head_json":{"title":"Learn about Douro Valley Wine Tours & River Day Trips","description":"Explore Portugal's Douro Valley with Daurum Solar Boats. Enjoy our wine tastings, UNESCO tours, Pinh\u00e3o boat rentals, and unforgettable Douro River day trips.","robots":{"index":"index","follow":"follow","max-snippet":"max-snippet:-1","max-image-preview":"max-image-preview:large","max-video-preview":"max-video-preview:-1"},"canonical":"https:\/\/daurum.pt\/es\/about-us\/","og_locale":"es_ES","og_type":"article","og_title":"About Us","og_description":"Explore Portugal's Douro Valley with Daurum Solar Boats. Enjoy our wine tastings, UNESCO tours, Pinh\u00e3o boat rentals, and unforgettable Douro River day trips.","og_url":"https:\/\/daurum.pt\/es\/about-us\/","og_site_name":"Daurum Solar Boats","article_publisher":"https:\/\/www.facebook.com\/daurumsolarboats\/","article_modified_time":"2025-11-11T02:44:36+00:00","twitter_card":"summary_large_image","schema":{"@context":"https:\/\/schema.org","@graph":[{"@type":"WebPage","@id":"https:\/\/daurum.pt\/about-us\/","url":"https:\/\/daurum.pt\/about-us\/","name":"Learn about Douro Valley Wine Tours & River Day Trips","isPartOf":{"@id":"https:\/\/daurum.pt\/#website"},"datePublished":"2024-04-01T18:57:46+00:00","dateModified":"2025-11-11T02:44:36+00:00","description":"Explore Portugal's Douro Valley with Daurum Solar Boats. Enjoy our wine tastings, UNESCO tours, Pinh\u00e3o boat rentals, and unforgettable Douro River day trips.","breadcrumb":{"@id":"https:\/\/daurum.pt\/about-us\/#breadcrumb"},"inLanguage":"es","potentialAction":[{"@type":"ReadAction","target":["https:\/\/daurum.pt\/about-us\/"]}]},{"@type":"BreadcrumbList","@id":"https:\/\/daurum.pt\/about-us\/#breadcrumb","itemListElement":[{"@type":"ListItem","position":1,"name":"Home","item":"https:\/\/daurum.pt\/"},{"@type":"ListItem","position":2,"name":"About Us"}]},{"@type":"WebSite","@id":"https:\/\/daurum.pt\/#website","url":"https:\/\/daurum.pt\/","name":"Daurum Solar Boats","description":"Eco Boat Trips Douro Valley","publisher":{"@id":"https:\/\/daurum.pt\/#organization"},"potentialAction":[{"@type":"SearchAction","target":{"@type":"EntryPoint","urlTemplate":"https:\/\/daurum.pt\/?s={search_term_string}"},"query-input":{"@type":"PropertyValueSpecification","valueRequired":true,"valueName":"search_term_string"}}],"inLanguage":"es"},{"@type":["Organization","Place"],"@id":"https:\/\/daurum.pt\/#organization","name":"Daurum Solar Boats","alternateName":"Douro em Tr\u00e2nsito Viagens & Turismo Lda","url":"https:\/\/daurum.pt\/","logo":{"@id":"https:\/\/daurum.pt\/about-us\/#local-main-organization-logo"},"image":{"@id":"https:\/\/daurum.pt\/about-us\/#local-main-organization-logo"},"sameAs":["https:\/\/www.facebook.com\/daurumsolarboats\/","https:\/\/bsky.app\/profile\/daurumsolarboats.bsky.social","https:\/\/www.instagram.com\/daurumsolarboats\/"],"publishingPrinciples":"https:\/\/daurum.pt\/about-us\/","ownershipFundingInfo":"https:\/\/daurum.pt\/privacy-policy\/","actionableFeedbackPolicy":"https:\/\/daurum.pt\/privacy-policy\/","address":{"@id":"https:\/\/daurum.pt\/about-us\/#local-main-place-address"},"geo":{"@type":"GeoCoordinates","latitude":"411127.8","longitude":"73254.9"},"telephone":["+351928102388","+351259959039"],"openingHoursSpecification":[{"@type":"OpeningHoursSpecification","dayOfWeek":["Monday","Tuesday","Wednesday","Thursday","Friday","Sunday"],"opens":"09:00","closes":"18:30"},{"@type":"OpeningHoursSpecification","dayOfWeek":["Saturday"],"opens":"09:00","closes":"17:00"}],"email":"solarboats@daurum.pt","vatID":"PT516205080","taxID":"PT516205080"},{"@type":"PostalAddress","@id":"https:\/\/daurum.pt\/about-us\/#local-main-place-address","streetAddress":"R. da Praia, 5085-042 Pinh\u00e3o","addressLocality":"Pinh\u00e3o","postalCode":"5085-042","addressRegion":"Alij\u00f3","addressCountry":"PT"},{"@type":"ImageObject","inLanguage":"es","@id":"https:\/\/daurum.pt\/about-us\/#local-main-organization-logo","url":"https:\/\/daurum.pt\/wp-content\/uploads\/2024\/04\/image-1-e1714159667584.png","contentUrl":"https:\/\/daurum.pt\/wp-content\/uploads\/2024\/04\/image-1-e1714159667584.png","width":372,"height":107,"caption":"Daurum Solar Boats"}]},"geo.placename":"Pinh\u00e3o","geo.position":{"lat":"411127.8","long":"73254.9"},"geo.region":"Portugal"},"post_mailing_queue_ids":[],"_links":{"self":[{"href":"https:\/\/daurum.pt\/es\/wp-json\/wp\/v2\/pages\/85","targetHints":{"allow":["GET"]}}],"collection":[{"href":"https:\/\/daurum.pt\/es\/wp-json\/wp\/v2\/pages"}],"about":[{"href":"https:\/\/daurum.pt\/es\/wp-json\/wp\/v2\/types\/page"}],"author":[{"embeddable":true,"href":"https:\/\/daurum.pt\/es\/wp-json\/wp\/v2\/users\/1"}],"replies":[{"embeddable":true,"href":"https:\/\/daurum.pt\/es\/wp-json\/wp\/v2\/comments?post=85"}],"version-history":[{"count":2,"href":"https:\/\/daurum.pt\/es\/wp-json\/wp\/v2\/pages\/85\/revisions"}],"predecessor-version":[{"id":552,"href":"https:\/\/daurum.pt\/es\/wp-json\/wp\/v2\/pages\/85\/revisions\/552"}],"wp:attachment":[{"href":"https:\/\/daurum.pt\/es\/wp-json\/wp\/v2\/media?parent=85"}],"curies":[{"name":"wp","href":"https:\/\/api.w.org\/{rel}","templated":true}]}}